{"id":2258,"date":"2024-11-07T20:20:26","date_gmt":"2024-11-07T20:20:26","guid":{"rendered":"https:\/\/jubenial.com\/productos\/terminos-y-condiciones\/"},"modified":"2024-11-07T20:20:26","modified_gmt":"2024-11-07T20:20:26","slug":"terminos-y-condiciones","status":"publish","type":"page","link":"https:\/\/jubenial.com\/productos\/terminos-y-condiciones\/","title":{"rendered":"T\u00e9rminos y condiciones"},"content":{"rendered":"<p>INTRODUCE LOS T\u00c9RMINOS Y CONDICIONES DEL SITIO WEB AQU\u00cd.<\/p>\n","protected":false},"excerpt":{"rendered":"<p>INTRODUCE LOS T\u00c9RMINOS Y CONDICIONES DEL SITIO WEB AQU\u00cd.<\/p>\n","protected":false},"author":0,"featured_media":0,"parent":0,"menu_order":0,"comment_status":"closed","ping_status":"closed","template":"","meta":{"footnotes":""},"class_list":["post-2258","page","type-page","status-publish","hentry"],"mf_page_id":null,"metform_entries_serial_no":null,"metform_entries__form_id":null,"metform_entries__form_data":null,"metform_entries__file_upload_new":null,"metform_entries__user_id":null,"_um_custom_fields":null,"_um_register_use_custom_settings":null,"um_form_version":null,"_um_register_role":null,"_um_register_template":null,"_um_register_max_width":null,"_um_register_icons":null,"_wp_attachment_metadata":null,"_edit_lock":"1771859705:7301","_edit_last":null,"_elementor_edit_mode":null,"_elementor_template_type":null,"_wp_page_template":null,"_elementor_page_settings":null,"_elementor_data":null,"_elementor_page_assets":null,"_elementor_version":null,"_elementor_pro_version":null,"_elementor_css":null,"_elementor_controls_usage":null,"_eael_post_view_count":null,"ekit_post_views_count":null,"_eael_custom_js":null,"__elementor_forms_snapshot":null,"_eael_widget_elements":null,"_thumbnail_id":null,"_yoast_wpseo_content_score":null,"_yoast_wpseo_estimated-reading-time-minutes":null,"_yoast_wpseo_wordproof_timestamp":null,"_wp_old_date":null,"_yoast_wpseo_title":null,"_yoast_wpseo_metadesc":null,"_wp_trash_meta_status":null,"_wp_trash_meta_time":null,"_wp_desired_post_slug":null,"_um_core":null,"_um_mode":null,"yoast_head":"<!-- This site is optimized with the Yoast SEO plugin v24.1 - https:\/\/yoast.com\/wordpress\/plugins\/seo\/ -->\n<title>T\u00e9rminos y condiciones | Jubenial<\/title>\n<meta name=\"robots\" content=\"index, follow, max-snippet:-1, max-image-preview:large, max-video-preview:-1\" \/>\n<link rel=\"canonical\" href=\"https:\/\/jubenial.com\/terminos-y-condiciones\/\" \/>\n<meta property=\"og:locale\" content=\"es_ES\" \/>\n<meta property=\"og:type\" content=\"article\" \/>\n<meta property=\"og:title\" content=\"T\u00e9rminos y condiciones | Jubenial\" \/>\n<meta property=\"og:description\" content=\"INTRODUCE LOS T\u00c9RMINOS Y CONDICIONES DEL SITIO WEB AQU\u00cd.\" \/>\n<meta property=\"og:url\" content=\"https:\/\/jubenial.com\/terminos-y-condiciones\/\" \/>\n<meta property=\"og:site_name\" content=\"Jubenial\" \/>\n<meta name=\"twitter:card\" content=\"summary_large_image\" \/>\n<script type=\"application\/ld+json\" class=\"yoast-schema-graph\">{\"@context\":\"https:\/\/schema.org\",\"@graph\":[{\"@type\":\"WebPage\",\"@id\":\"https:\/\/jubenial.com\/terminos-y-condiciones\/\",\"url\":\"https:\/\/jubenial.com\/terminos-y-condiciones\/\",\"name\":\"T\u00e9rminos y condiciones | Jubenial\",\"isPartOf\":{\"@id\":\"https:\/\/jubenial.com\/#website\"},\"datePublished\":\"2024-11-07T20:20:26+00:00\",\"dateModified\":\"2024-11-07T20:20:26+00:00\",\"breadcrumb\":{\"@id\":\"https:\/\/jubenial.com\/terminos-y-condiciones\/#breadcrumb\"},\"inLanguage\":\"es\",\"potentialAction\":[{\"@type\":\"ReadAction\",\"target\":[\"https:\/\/jubenial.com\/terminos-y-condiciones\/\"]}]},{\"@type\":\"BreadcrumbList\",\"@id\":\"https:\/\/jubenial.com\/terminos-y-condiciones\/#breadcrumb\",\"itemListElement\":[{\"@type\":\"ListItem\",\"position\":1,\"name\":\"Portada\",\"item\":\"https:\/\/jubenial.com\/productos\/\"},{\"@type\":\"ListItem\",\"position\":2,\"name\":\"T\u00e9rminos y condiciones\"}]},{\"@type\":\"WebSite\",\"@id\":\"https:\/\/jubenial.com\/#website\",\"url\":\"https:\/\/jubenial.com\/\",\"name\":\"Jubenial\",\"description\":\"\",\"publisher\":{\"@id\":\"https:\/\/jubenial.com\/#organization\"},\"potentialAction\":[{\"@type\":\"SearchAction\",\"target\":{\"@type\":\"EntryPoint\",\"urlTemplate\":\"https:\/\/jubenial.com\/?s={search_term_string}\"},\"query-input\":{\"@type\":\"PropertyValueSpecification\",\"valueRequired\":true,\"valueName\":\"search_term_string\"}}],\"inLanguage\":\"es\"},{\"@type\":\"Organization\",\"@id\":\"https:\/\/jubenial.com\/#organization\",\"name\":\"Jubenial\",\"url\":\"https:\/\/jubenial.com\/\",\"logo\":{\"@type\":\"ImageObject\",\"inLanguage\":\"es\",\"@id\":\"https:\/\/jubenial.com\/#\/schema\/logo\/image\/\",\"url\":\"https:\/\/jubenial.com\/productos\/wp-content\/uploads\/2023\/11\/Vector.svg\",\"contentUrl\":\"https:\/\/jubenial.com\/productos\/wp-content\/uploads\/2023\/11\/Vector.svg\",\"width\":62,\"height\":100,\"caption\":\"Jubenial\"},\"image\":{\"@id\":\"https:\/\/jubenial.com\/#\/schema\/logo\/image\/\"}}]}<\/script>\n<!-- \/ Yoast SEO plugin. -->","yoast_head_json":{"title":"T\u00e9rminos y condiciones | Jubenial","robots":{"index":"index","follow":"follow","max-snippet":"max-snippet:-1","max-image-preview":"max-image-preview:large","max-video-preview":"max-video-preview:-1"},"canonical":"https:\/\/jubenial.com\/terminos-y-condiciones\/","og_locale":"es_ES","og_type":"article","og_title":"T\u00e9rminos y condiciones | Jubenial","og_description":"INTRODUCE LOS T\u00c9RMINOS Y CONDICIONES DEL SITIO WEB AQU\u00cd.","og_url":"https:\/\/jubenial.com\/terminos-y-condiciones\/","og_site_name":"Jubenial","twitter_card":"summary_large_image","schema":{"@context":"https:\/\/schema.org","@graph":[{"@type":"WebPage","@id":"https:\/\/jubenial.com\/terminos-y-condiciones\/","url":"https:\/\/jubenial.com\/terminos-y-condiciones\/","name":"T\u00e9rminos y condiciones | Jubenial","isPartOf":{"@id":"https:\/\/jubenial.com\/#website"},"datePublished":"2024-11-07T20:20:26+00:00","dateModified":"2024-11-07T20:20:26+00:00","breadcrumb":{"@id":"https:\/\/jubenial.com\/terminos-y-condiciones\/#breadcrumb"},"inLanguage":"es","potentialAction":[{"@type":"ReadAction","target":["https:\/\/jubenial.com\/terminos-y-condiciones\/"]}]},{"@type":"BreadcrumbList","@id":"https:\/\/jubenial.com\/terminos-y-condiciones\/#breadcrumb","itemListElement":[{"@type":"ListItem","position":1,"name":"Portada","item":"https:\/\/jubenial.com\/productos\/"},{"@type":"ListItem","position":2,"name":"T\u00e9rminos y condiciones"}]},{"@type":"WebSite","@id":"https:\/\/jubenial.com\/#website","url":"https:\/\/jubenial.com\/","name":"Jubenial","description":"","publisher":{"@id":"https:\/\/jubenial.com\/#organization"},"potentialAction":[{"@type":"SearchAction","target":{"@type":"EntryPoint","urlTemplate":"https:\/\/jubenial.com\/?s={search_term_string}"},"query-input":{"@type":"PropertyValueSpecification","valueRequired":true,"valueName":"search_term_string"}}],"inLanguage":"es"},{"@type":"Organization","@id":"https:\/\/jubenial.com\/#organization","name":"Jubenial","url":"https:\/\/jubenial.com\/","logo":{"@type":"ImageObject","inLanguage":"es","@id":"https:\/\/jubenial.com\/#\/schema\/logo\/image\/","url":"https:\/\/jubenial.com\/productos\/wp-content\/uploads\/2023\/11\/Vector.svg","contentUrl":"https:\/\/jubenial.com\/productos\/wp-content\/uploads\/2023\/11\/Vector.svg","width":62,"height":100,"caption":"Jubenial"},"image":{"@id":"https:\/\/jubenial.com\/#\/schema\/logo\/image\/"}}]}},"_links":{"self":[{"href":"https:\/\/jubenial.com\/productos\/wp-json\/wp\/v2\/pages\/2258","targetHints":{"allow":["GET"]}}],"collection":[{"href":"https:\/\/jubenial.com\/productos\/wp-json\/wp\/v2\/pages"}],"about":[{"href":"https:\/\/jubenial.com\/productos\/wp-json\/wp\/v2\/types\/page"}],"replies":[{"embeddable":true,"href":"https:\/\/jubenial.com\/productos\/wp-json\/wp\/v2\/comments?post=2258"}],"version-history":[{"count":0,"href":"https:\/\/jubenial.com\/productos\/wp-json\/wp\/v2\/pages\/2258\/revisions"}],"wp:attachment":[{"href":"https:\/\/jubenial.com\/productos\/wp-json\/wp\/v2\/media?parent=2258"}],"curies":[{"name":"wp","href":"https:\/\/api.w.org\/{rel}","templated":true}]}}