{"id":509,"date":"2024-01-15T11:50:24","date_gmt":"2024-01-15T11:50:24","guid":{"rendered":"https:\/\/jubenial.com\/productos\/?page_id=509"},"modified":"2024-01-16T10:27:09","modified_gmt":"2024-01-16T10:27:09","slug":"politica-de-cookies","status":"publish","type":"page","link":"https:\/\/jubenial.com\/productos\/politica-de-cookies\/","title":{"rendered":"Pol\u00edtica de cookies\u200b"},"content":{"rendered":"\t\t<div data-elementor-type=\"wp-page\" data-elementor-id=\"509\" class=\"elementor elementor-509\" data-elementor-post-type=\"page\">\n\t\t\t\t\t\t<section class=\"elementor-section elementor-top-section elementor-element elementor-element-7191bcff elementor-section-boxed elementor-section-height-default elementor-section-height-default\" data-id=\"7191bcff\" data-element_type=\"section\">\n\t\t\t\t\t\t<div class=\"elementor-container elementor-column-gap-default\">\n\t\t\t\t\t<div class=\"elementor-column elementor-col-100 elementor-top-column elementor-element elementor-element-2f5ee4da\" data-id=\"2f5ee4da\" data-element_type=\"column\">\n\t\t\t<div class=\"elementor-widget-wrap elementor-element-populated\">\n\t\t\t\t\t\t<div class=\"elementor-element elementor-element-817cff0 elementor-widget elementor-widget-heading\" data-id=\"817cff0\" data-element_type=\"widget\" data-widget_type=\"heading.default\">\n\t\t\t\t<div class=\"elementor-widget-container\">\n\t\t\t\t\t<h2 class=\"elementor-heading-title elementor-size-default\">Pol\u00edticas de cookies<\/h2>\t\t\t\t<\/div>\n\t\t\t\t<\/div>\n\t\t\t\t<div class=\"elementor-element elementor-element-6976412 elementor-widget elementor-widget-text-editor\" data-id=\"6976412\" data-element_type=\"widget\" data-widget_type=\"text-editor.default\">\n\t\t\t\t<div class=\"elementor-widget-container\">\n\t\t\t\t\t\t\t\t\t<p><strong>\u00bfQU\u00c9 SON LAS COOKIES?<\/strong><br \/>Las Cookies son archivos de datos que se almacenan en su navegador y en su equipo cuando visita cualquier p\u00e1gina web. Las cookies pueden tener diversas utilidades como, por ejemplo, reconocer al usuario, almacenamiento y recuperaci\u00f3n de informaci\u00f3n sobre los h\u00e1bitos de navegaci\u00f3n de un usuario o personalizar la forma en que se muestra el contenido.<\/p><p><br \/><strong>\u00bfQU\u00c9 INFORMACI\u00d3N ALMACENAN LAS COOKIES?<\/strong><br \/>Las cookies almacenan informaci\u00f3n de car\u00e1cter t\u00e9cnico, preferencias personales, personalizaci\u00f3n de contenidos. Las cookies normalmente no contienen ninguna informaci\u00f3n personal.<br \/>Toda la informaci\u00f3n personal que puedan contener es \u00fanicamente la que el usuario haya introducido en un formulario del sitio.<br \/>La mayor parte del tiempo, cuando una cookie contiene informaci\u00f3n personal, \u00e9sta est\u00e1 codificada de forma que es ilegible para cualquier tercera parte que pudiera tener acceso a su archivo de cookies.<\/p><p><br \/><strong>\u00bfQU\u00c9 TIPO DE COOKIES EXISTEN?<\/strong><br \/>Seg\u00fan la entidad que gestione el dominio desde donde se env\u00edan las cookies y trate los datos que se obtengan, se distinguen:<\/p><p>Cookies propias: se env\u00edan al equipo terminal del usuario desde un equipo o dominio gestionado por el propio editor y desde el que se presta el servicio solicitado por el usuario.<br \/>Cookies de terceros: se env\u00edan al equipo terminal del usuario desde un equipo o dominio que no es gestionado por el editor, sino por otra entidad que trata los datos obtenidos trav\u00e9s de las cookies.Seg\u00fan el plazo de tiempo que permanecen almacenadas en el navegador del usuario, se distinguen:<br \/>Cookies de sesi\u00f3n: recaban y almacenan datos mientras el usuario accede a una p\u00e1gina web. Se suelen emplear para almacenar informaci\u00f3n que solo interesa conservar para la prestaci\u00f3n del servicio solicitado por el usuario en una sola ocasi\u00f3n (por ejemplo una lista de productos adquiridos).<br \/>Cookies persistentes: Los datos siguen almacenados en el terminal y pueden ser accedidos y tratados durante un periodo definido por el responsable de la cookie, y que puede ir de unos minutos a varios a\u00f1os. Seg\u00fan la finalidad para la que se traten los datos obtenidos, se distinguen las siguientes cookies:<br \/>Cookies t\u00e9cnicas: permiten al usuario la navegaci\u00f3n a trav\u00e9s de una p\u00e1gina web, plataforma o aplicaci\u00f3n y la utilizaci\u00f3n de las diferentes opciones o servicios que en ella existan como, por ejemplo, controlar el tr\u00e1fico y la comunicaci\u00f3n de datos, identificar la sesi\u00f3n, acceder a partes de acceso restringido, recordar los elementos que integran un pedido, realizar el proceso de compra de un pedido, realizar la solicitud de inscripci\u00f3n o participaci\u00f3n en un evento, utilizar elementos de seguridad durante la navegaci\u00f3n, almacenar contenidos para la difusi\u00f3n de v\u00eddeos o sonido o compartir contenidos a trav\u00e9s de redes sociales.<br \/>Cookies de personalizaci\u00f3n: Permiten al usuario acceder al servicio con algunas caracter\u00edsticas de car\u00e1cter general predefinidas en funci\u00f3n de una serie de criterios en el terminal del usuario como por ejemplo serian el idioma, el tipo de navegador a trav\u00e9s del cual accede al servicio, la configuraci\u00f3n regional desde donde accede al servicio, etc.<br \/>Cookies de an\u00e1lisis: Permiten al responsable, el seguimiento y an\u00e1lisis del comportamiento de los usuarios de los sitios web a los que est\u00e1n vinculadas. La informaci\u00f3n recogida mediante este tipo de cookies se utiliza en la medici\u00f3n de la actividad de los sitios web, aplicaci\u00f3n o plataforma y para la elaboraci\u00f3n de perfiles de navegaci\u00f3n de los usuarios de dichos sitios, aplicaciones y plataformas, con el fin de introducir mejoras en funci\u00f3n del an\u00e1lisis de los datos de uso que hacen los usuarios del servicio.<br \/>Cookies publicitarias: Permiten la gesti\u00f3n, de la forma m\u00e1s eficaz posible, de los espacios publicitarios.<br \/>Cookies de publicidad comportamental: Almacenan informaci\u00f3n del comportamiento de los usuarios obtenida a trav\u00e9s de la observaci\u00f3n continuada de sus h\u00e1bitos de navegaci\u00f3n, lo que permite desarrollar un perfil espec\u00edfico para mostrar publicidad en funci\u00f3n del mismo.<br \/>Cookies de redes sociales externas: Se utilizan para que los visitantes puedan interactuar con el contenido de diferentes plataformas sociales (facebook, youtube, twitter, linkedIn, etc..) y que se generen \u00fanicamente para los usuarios de dichas redes sociales. Las condiciones de utilizaci\u00f3n de estas cookies y la informaci\u00f3n recopilada se regulan por la pol\u00edtica de privacidad de la plataforma social correspondiente.<\/p>\t\t\t\t\t\t\t\t<\/div>\n\t\t\t\t<\/div>\n\t\t\t\t\t<\/div>\n\t\t<\/div>\n\t\t\t\t\t<\/div>\n\t\t<\/section>\n\t\t\t\t<\/div>\n\t\t","protected":false},"excerpt":{"rendered":"<p>Pol\u00edticas de cookies \u00bfQU\u00c9 SON LAS COOKIES?Las Cookies son archivos de datos que se almacenan en su navegador y en su equipo cuando visita cualquier p\u00e1gina web. Las cookies pueden tener diversas utilidades como, por ejemplo, reconocer al usuario, almacenamiento y recuperaci\u00f3n de informaci\u00f3n sobre los h\u00e1bitos de navegaci\u00f3n de un usuario o personalizar la [&hellip;]<\/p>\n","protected":false},"author":17,"featured_media":0,"parent":0,"menu_order":0,"comment_status":"closed","ping_status":"closed","template":"","meta":{"footnotes":""},"class_list":["post-509","page","type-page","status-publish","hentry"],"mf_page_id":null,"metform_entries_serial_no":null,"metform_entries__form_id":null,"metform_entries__form_data":null,"metform_entries__file_upload_new":null,"metform_entries__user_id":null,"_um_custom_fields":null,"_um_register_use_custom_settings":null,"um_form_version":null,"_um_register_role":null,"_um_register_template":null,"_um_register_max_width":null,"_um_register_icons":null,"_wp_attachment_metadata":null,"_edit_lock":"1706178856:18","_edit_last":"1","_elementor_edit_mode":"builder","_elementor_template_type":"wp-page","_wp_page_template":"default","_elementor_page_settings":{"hide_title":"yes","eael_ext_toc_title":"Tabla de contenidos"},"_elementor_data":"[{\"id\":\"7191bcff\",\"elType\":\"section\",\"settings\":{\"hover_parallax\":[{\"layer_position_vr\":{\"unit\":\"%\",\"size\":30},\"layer_position_hr\":{\"unit\":\"%\",\"size\":40},\"_id\":\"95b4eae\"},{\"layer_position_vr\":{\"unit\":\"%\",\"size\":60},\"layer_position_hr\":{\"unit\":\"%\",\"size\":20},\"_id\":\"3a615aa\"}],\"pa_condition_repeater\":[],\"premium_tooltip_text\":\"Hola, soy una informaci\\u00f3n emergente global\",\"premium_tooltip_position\":\"top,bottom\"},\"elements\":[{\"id\":\"2f5ee4da\",\"elType\":\"column\",\"settings\":{\"_column_size\":100,\"_inline_size\":null,\"pa_condition_repeater\":[],\"premium_tooltip_text\":\"Hola, soy una informaci\\u00f3n emergente global\",\"premium_tooltip_position\":\"top,bottom\"},\"elements\":[{\"id\":\"817cff0\",\"elType\":\"widget\",\"settings\":{\"title\":\"Pol\\u00edticas de cookies\",\"align\":\"left\",\"__globals__\":{\"typography_typography\":\"globals\\\/typography?id=primary\",\"title_color\":\"globals\\\/colors?id=text\"},\"_margin\":{\"unit\":\"px\",\"top\":\"50\",\"right\":\"0\",\"bottom\":\"0\",\"left\":\"0\",\"isLinked\":false},\"pa_condition_repeater\":[],\"premium_tooltip_text\":\"Hola, soy una informaci\\u00f3n emergente global\",\"premium_tooltip_position\":\"top,bottom\"},\"elements\":[],\"widgetType\":\"heading\"},{\"id\":\"6976412\",\"elType\":\"widget\",\"settings\":{\"editor\":\"<p><strong>\\u00bfQU\\u00c9 SON LAS COOKIES?<\\\/strong><br \\\/>Las Cookies son archivos de datos que se almacenan en su navegador y en su equipo cuando visita cualquier p\\u00e1gina web. Las cookies pueden tener diversas utilidades como, por ejemplo, reconocer al usuario, almacenamiento y recuperaci\\u00f3n de informaci\\u00f3n sobre los h\\u00e1bitos de navegaci\\u00f3n de un usuario o personalizar la forma en que se muestra el contenido.<\\\/p><p><br \\\/><strong>\\u00bfQU\\u00c9 INFORMACI\\u00d3N ALMACENAN LAS COOKIES?<\\\/strong><br \\\/>Las cookies almacenan informaci\\u00f3n de car\\u00e1cter t\\u00e9cnico, preferencias personales, personalizaci\\u00f3n de contenidos. Las cookies normalmente no contienen ninguna informaci\\u00f3n personal.<br \\\/>Toda la informaci\\u00f3n personal que puedan contener es \\u00fanicamente la que el usuario haya introducido en un formulario del sitio.<br \\\/>La mayor parte del tiempo, cuando una cookie contiene informaci\\u00f3n personal, \\u00e9sta est\\u00e1 codificada de forma que es ilegible para cualquier tercera parte que pudiera tener acceso a su archivo de cookies.<\\\/p><p><br \\\/><strong>\\u00bfQU\\u00c9 TIPO DE COOKIES EXISTEN?<\\\/strong><br \\\/>Seg\\u00fan la entidad que gestione el dominio desde donde se env\\u00edan las cookies y trate los datos que se obtengan, se distinguen:<\\\/p><p>Cookies propias: se env\\u00edan al equipo terminal del usuario desde un equipo o dominio gestionado por el propio editor y desde el que se presta el servicio solicitado por el usuario.<br \\\/>Cookies de terceros: se env\\u00edan al equipo terminal del usuario desde un equipo o dominio que no es gestionado por el editor, sino por otra entidad que trata los datos obtenidos trav\\u00e9s de las cookies.Seg\\u00fan el plazo de tiempo que permanecen almacenadas en el navegador del usuario, se distinguen:<br \\\/>Cookies de sesi\\u00f3n: recaban y almacenan datos mientras el usuario accede a una p\\u00e1gina web. Se suelen emplear para almacenar informaci\\u00f3n que solo interesa conservar para la prestaci\\u00f3n del servicio solicitado por el usuario en una sola ocasi\\u00f3n (por ejemplo una lista de productos adquiridos).<br \\\/>Cookies persistentes: Los datos siguen almacenados en el terminal y pueden ser accedidos y tratados durante un periodo definido por el responsable de la cookie, y que puede ir de unos minutos a varios a\\u00f1os. Seg\\u00fan la finalidad para la que se traten los datos obtenidos, se distinguen las siguientes cookies:<br \\\/>Cookies t\\u00e9cnicas: permiten al usuario la navegaci\\u00f3n a trav\\u00e9s de una p\\u00e1gina web, plataforma o aplicaci\\u00f3n y la utilizaci\\u00f3n de las diferentes opciones o servicios que en ella existan como, por ejemplo, controlar el tr\\u00e1fico y la comunicaci\\u00f3n de datos, identificar la sesi\\u00f3n, acceder a partes de acceso restringido, recordar los elementos que integran un pedido, realizar el proceso de compra de un pedido, realizar la solicitud de inscripci\\u00f3n o participaci\\u00f3n en un evento, utilizar elementos de seguridad durante la navegaci\\u00f3n, almacenar contenidos para la difusi\\u00f3n de v\\u00eddeos o sonido o compartir contenidos a trav\\u00e9s de redes sociales.<br \\\/>Cookies de personalizaci\\u00f3n: Permiten al usuario acceder al servicio con algunas caracter\\u00edsticas de car\\u00e1cter general predefinidas en funci\\u00f3n de una serie de criterios en el terminal del usuario como por ejemplo serian el idioma, el tipo de navegador a trav\\u00e9s del cual accede al servicio, la configuraci\\u00f3n regional desde donde accede al servicio, etc.<br \\\/>Cookies de an\\u00e1lisis: Permiten al responsable, el seguimiento y an\\u00e1lisis del comportamiento de los usuarios de los sitios web a los que est\\u00e1n vinculadas. La informaci\\u00f3n recogida mediante este tipo de cookies se utiliza en la medici\\u00f3n de la actividad de los sitios web, aplicaci\\u00f3n o plataforma y para la elaboraci\\u00f3n de perfiles de navegaci\\u00f3n de los usuarios de dichos sitios, aplicaciones y plataformas, con el fin de introducir mejoras en funci\\u00f3n del an\\u00e1lisis de los datos de uso que hacen los usuarios del servicio.<br \\\/>Cookies publicitarias: Permiten la gesti\\u00f3n, de la forma m\\u00e1s eficaz posible, de los espacios publicitarios.<br \\\/>Cookies de publicidad comportamental: Almacenan informaci\\u00f3n del comportamiento de los usuarios obtenida a trav\\u00e9s de la observaci\\u00f3n continuada de sus h\\u00e1bitos de navegaci\\u00f3n, lo que permite desarrollar un perfil espec\\u00edfico para mostrar publicidad en funci\\u00f3n del mismo.<br \\\/>Cookies de redes sociales externas: Se utilizan para que los visitantes puedan interactuar con el contenido de diferentes plataformas sociales (facebook, youtube, twitter, linkedIn, etc..) y que se generen \\u00fanicamente para los usuarios de dichas redes sociales. Las condiciones de utilizaci\\u00f3n de estas cookies y la informaci\\u00f3n recopilada se regulan por la pol\\u00edtica de privacidad de la plataforma social correspondiente.<\\\/p>\",\"__globals__\":{\"typography_typography\":\"globals\\\/typography?id=text\"},\"_padding\":{\"unit\":\"px\",\"top\":\"0\",\"right\":\"0\",\"bottom\":\"50\",\"left\":\"0\",\"isLinked\":false},\"pa_condition_repeater\":[],\"premium_tooltip_text\":\"Hola, soy una informaci\\u00f3n emergente global\",\"premium_tooltip_position\":\"top,bottom\"},\"elements\":[],\"widgetType\":\"text-editor\"}],\"isInner\":false}],\"isInner\":false}]","_elementor_page_assets":{"styles":["widget-heading","widget-text-editor"]},"_elementor_version":"3.18.3","_elementor_pro_version":"3.18.2","_elementor_css":{"time":1771411527,"fonts":[],"icons":[],"dynamic_elements_ids":[],"status":"file","0":""},"_elementor_controls_usage":{"heading":{"count":1,"control_percent":1,"controls":{"content":{"section_title":{"title":1}},"style":{"section_title_style":{"align":1}},"advanced":{"_section_style":{"_margin":1}}}},"text-editor":{"count":1,"control_percent":0,"controls":{"content":{"section_editor":{"editor":1}},"advanced":{"_section_style":{"_padding":1}}}},"column":{"count":1,"control_percent":0,"controls":{"layout":{"layout":{"_inline_size":1}}}},"section":{"count":1,"control_percent":0,"controls":[]}},"_eael_post_view_count":null,"ekit_post_views_count":null,"_eael_custom_js":"","__elementor_forms_snapshot":null,"_eael_widget_elements":null,"_thumbnail_id":null,"_yoast_wpseo_content_score":"30","_yoast_wpseo_estimated-reading-time-minutes":"4","_yoast_wpseo_wordproof_timestamp":"","_wp_old_date":null,"_yoast_wpseo_title":null,"_yoast_wpseo_metadesc":null,"_wp_trash_meta_status":null,"_wp_trash_meta_time":null,"_wp_desired_post_slug":null,"_um_core":null,"_um_mode":null,"yoast_head":"<!-- This site is optimized with the Yoast SEO plugin v24.1 - https:\/\/yoast.com\/wordpress\/plugins\/seo\/ -->\n<title>Pol\u00edtica de cookies\u200b | Jubenial<\/title>\n<meta name=\"robots\" content=\"noindex, follow\" \/>\n<meta property=\"og:locale\" content=\"es_ES\" \/>\n<meta property=\"og:type\" content=\"article\" \/>\n<meta property=\"og:title\" content=\"Pol\u00edtica de cookies\u200b | Jubenial\" \/>\n<meta property=\"og:description\" content=\"Pol\u00edticas de cookies \u00bfQU\u00c9 SON LAS COOKIES?Las Cookies son archivos de datos que se almacenan en su navegador y en su equipo cuando visita cualquier\" \/>\n<meta property=\"og:url\" content=\"https:\/\/jubenial.com\/politica-de-cookies\/\" \/>\n<meta property=\"og:site_name\" content=\"Jubenial\" \/>\n<meta property=\"article:modified_time\" content=\"2024-01-16T10:27:09+00:00\" \/>\n<meta name=\"twitter:card\" content=\"summary_large_image\" \/>\n<meta name=\"twitter:label1\" content=\"Tiempo de lectura\" \/>\n\t<meta name=\"twitter:data1\" content=\"4 minutos\" \/>\n<script type=\"application\/ld+json\" class=\"yoast-schema-graph\">{\"@context\":\"https:\/\/schema.org\",\"@graph\":[{\"@type\":\"WebPage\",\"@id\":\"https:\/\/jubenial.com\/politica-de-cookies\/\",\"url\":\"https:\/\/jubenial.com\/politica-de-cookies\/\",\"name\":\"Pol\u00edtica de cookies\u200b | Jubenial\",\"isPartOf\":{\"@id\":\"https:\/\/jubenial.com\/#website\"},\"datePublished\":\"2024-01-15T11:50:24+00:00\",\"dateModified\":\"2024-01-16T10:27:09+00:00\",\"breadcrumb\":{\"@id\":\"https:\/\/jubenial.com\/politica-de-cookies\/#breadcrumb\"},\"inLanguage\":\"es\",\"potentialAction\":[{\"@type\":\"ReadAction\",\"target\":[\"https:\/\/jubenial.com\/politica-de-cookies\/\"]}]},{\"@type\":\"BreadcrumbList\",\"@id\":\"https:\/\/jubenial.com\/politica-de-cookies\/#breadcrumb\",\"itemListElement\":[{\"@type\":\"ListItem\",\"position\":1,\"name\":\"Portada\",\"item\":\"https:\/\/jubenial.com\/productos\/\"},{\"@type\":\"ListItem\",\"position\":2,\"name\":\"Pol\u00edtica de cookies\u200b\"}]},{\"@type\":\"WebSite\",\"@id\":\"https:\/\/jubenial.com\/#website\",\"url\":\"https:\/\/jubenial.com\/\",\"name\":\"Jubenial\",\"description\":\"\",\"publisher\":{\"@id\":\"https:\/\/jubenial.com\/#organization\"},\"potentialAction\":[{\"@type\":\"SearchAction\",\"target\":{\"@type\":\"EntryPoint\",\"urlTemplate\":\"https:\/\/jubenial.com\/?s={search_term_string}\"},\"query-input\":{\"@type\":\"PropertyValueSpecification\",\"valueRequired\":true,\"valueName\":\"search_term_string\"}}],\"inLanguage\":\"es\"},{\"@type\":\"Organization\",\"@id\":\"https:\/\/jubenial.com\/#organization\",\"name\":\"Jubenial\",\"url\":\"https:\/\/jubenial.com\/\",\"logo\":{\"@type\":\"ImageObject\",\"inLanguage\":\"es\",\"@id\":\"https:\/\/jubenial.com\/#\/schema\/logo\/image\/\",\"url\":\"https:\/\/jubenial.com\/productos\/wp-content\/uploads\/2023\/11\/Vector.svg\",\"contentUrl\":\"https:\/\/jubenial.com\/productos\/wp-content\/uploads\/2023\/11\/Vector.svg\",\"width\":62,\"height\":100,\"caption\":\"Jubenial\"},\"image\":{\"@id\":\"https:\/\/jubenial.com\/#\/schema\/logo\/image\/\"}}]}<\/script>\n<!-- \/ Yoast SEO plugin. -->","yoast_head_json":{"title":"Pol\u00edtica de cookies\u200b | Jubenial","robots":{"index":"noindex","follow":"follow"},"og_locale":"es_ES","og_type":"article","og_title":"Pol\u00edtica de cookies\u200b | Jubenial","og_description":"Pol\u00edticas de cookies \u00bfQU\u00c9 SON LAS COOKIES?Las Cookies son archivos de datos que se almacenan en su navegador y en su equipo cuando visita cualquier","og_url":"https:\/\/jubenial.com\/politica-de-cookies\/","og_site_name":"Jubenial","article_modified_time":"2024-01-16T10:27:09+00:00","twitter_card":"summary_large_image","twitter_misc":{"Tiempo de lectura":"4 minutos"},"schema":{"@context":"https:\/\/schema.org","@graph":[{"@type":"WebPage","@id":"https:\/\/jubenial.com\/politica-de-cookies\/","url":"https:\/\/jubenial.com\/politica-de-cookies\/","name":"Pol\u00edtica de cookies\u200b | Jubenial","isPartOf":{"@id":"https:\/\/jubenial.com\/#website"},"datePublished":"2024-01-15T11:50:24+00:00","dateModified":"2024-01-16T10:27:09+00:00","breadcrumb":{"@id":"https:\/\/jubenial.com\/politica-de-cookies\/#breadcrumb"},"inLanguage":"es","potentialAction":[{"@type":"ReadAction","target":["https:\/\/jubenial.com\/politica-de-cookies\/"]}]},{"@type":"BreadcrumbList","@id":"https:\/\/jubenial.com\/politica-de-cookies\/#breadcrumb","itemListElement":[{"@type":"ListItem","position":1,"name":"Portada","item":"https:\/\/jubenial.com\/productos\/"},{"@type":"ListItem","position":2,"name":"Pol\u00edtica de cookies\u200b"}]},{"@type":"WebSite","@id":"https:\/\/jubenial.com\/#website","url":"https:\/\/jubenial.com\/","name":"Jubenial","description":"","publisher":{"@id":"https:\/\/jubenial.com\/#organization"},"potentialAction":[{"@type":"SearchAction","target":{"@type":"EntryPoint","urlTemplate":"https:\/\/jubenial.com\/?s={search_term_string}"},"query-input":{"@type":"PropertyValueSpecification","valueRequired":true,"valueName":"search_term_string"}}],"inLanguage":"es"},{"@type":"Organization","@id":"https:\/\/jubenial.com\/#organization","name":"Jubenial","url":"https:\/\/jubenial.com\/","logo":{"@type":"ImageObject","inLanguage":"es","@id":"https:\/\/jubenial.com\/#\/schema\/logo\/image\/","url":"https:\/\/jubenial.com\/productos\/wp-content\/uploads\/2023\/11\/Vector.svg","contentUrl":"https:\/\/jubenial.com\/productos\/wp-content\/uploads\/2023\/11\/Vector.svg","width":62,"height":100,"caption":"Jubenial"},"image":{"@id":"https:\/\/jubenial.com\/#\/schema\/logo\/image\/"}}]}},"_links":{"self":[{"href":"https:\/\/jubenial.com\/productos\/wp-json\/wp\/v2\/pages\/509","targetHints":{"allow":["GET"]}}],"collection":[{"href":"https:\/\/jubenial.com\/productos\/wp-json\/wp\/v2\/pages"}],"about":[{"href":"https:\/\/jubenial.com\/productos\/wp-json\/wp\/v2\/types\/page"}],"author":[{"embeddable":true,"href":"https:\/\/jubenial.com\/productos\/wp-json\/wp\/v2\/users\/17"}],"replies":[{"embeddable":true,"href":"https:\/\/jubenial.com\/productos\/wp-json\/wp\/v2\/comments?post=509"}],"version-history":[{"count":0,"href":"https:\/\/jubenial.com\/productos\/wp-json\/wp\/v2\/pages\/509\/revisions"}],"wp:attachment":[{"href":"https:\/\/jubenial.com\/productos\/wp-json\/wp\/v2\/media?parent=509"}],"curies":[{"name":"wp","href":"https:\/\/api.w.org\/{rel}","templated":true}]}}